{"id":38,"date":"2025-10-19T05:17:12","date_gmt":"2025-10-19T03:17:12","guid":{"rendered":"https:\/\/grerr.fr\/?page_id=38"},"modified":"2025-10-19T05:57:44","modified_gmt":"2025-10-19T03:57:44","slug":"hello-world","status":"publish","type":"page","link":"https:\/\/grerr.fr\/","title":{"rendered":"hello world!"},"content":{"rendered":"\n<p><strong>Bienvenue sur grerr.fr !<\/strong><br>Le site est actuellement en construction. Revenez bient\u00f4t pour d\u00e9couvrir les nouveaut\u00e9s !<br>En attendant, si vous souhaitez me contacter, je vous invite \u00e0 le faire via Instagram : <a href=\"https:\/\/instagram.com\/grerr.fr\">@grerr.fr<\/a><\/p>\n","protected":false},"excerpt":{"rendered":"<p>Bienvenue sur grerr.fr !Le site est actuellement en construction. Revenez bient\u00f4t pour d\u00e9couvrir les nouveaut\u00e9s !En attendant, si vous souhaitez me contacter, je vous invite \u00e0 le faire via Instagram : @grerr.fr<\/p>\n","protected":false},"author":1,"featured_media":0,"parent":0,"menu_order":0,"comment_status":"closed","ping_status":"closed","template":"","meta":{"footnotes":""},"class_list":["post-38","page","type-page","status-publish","hentry"],"_links":{"self":[{"href":"https:\/\/grerr.fr\/index.php\/wp-json\/wp\/v2\/pages\/38","targetHints":{"allow":["GET"]}}],"collection":[{"href":"https:\/\/grerr.fr\/index.php\/wp-json\/wp\/v2\/pages"}],"about":[{"href":"https:\/\/grerr.fr\/index.php\/wp-json\/wp\/v2\/types\/page"}],"author":[{"embeddable":true,"href":"https:\/\/grerr.fr\/index.php\/wp-json\/wp\/v2\/users\/1"}],"replies":[{"embeddable":true,"href":"https:\/\/grerr.fr\/index.php\/wp-json\/wp\/v2\/comments?post=38"}],"version-history":[{"count":5,"href":"https:\/\/grerr.fr\/index.php\/wp-json\/wp\/v2\/pages\/38\/revisions"}],"predecessor-version":[{"id":43,"href":"https:\/\/grerr.fr\/index.php\/wp-json\/wp\/v2\/pages\/38\/revisions\/43"}],"wp:attachment":[{"href":"https:\/\/grerr.fr\/index.php\/wp-json\/wp\/v2\/media?parent=38"}],"curies":[{"name":"wp","href":"https:\/\/api.w.org\/{rel}","templated":true}]}}